{"id":100,"date":"2015-05-26T07:07:07","date_gmt":"2015-05-26T07:07:07","guid":{"rendered":"http:\/\/cryo.dcfreenet.info\/?page_id=100"},"modified":"2025-02-18T07:35:54","modified_gmt":"2025-02-18T06:35:54","slug":"projekcni-a-montazni-cinnost","status":"publish","type":"page","link":"https:\/\/www.cryoservis.cz\/?page_id=100","title":{"rendered":"Projek\u010dn\u00ed a mont\u00e1\u017en\u00ed \u010dinnost"},"content":{"rendered":"<p><span style=\"color: #999999;\">\u00a0Prov\u00e1d\u00edme n\u00e1vrh a realizaci kompletn\u00edch dod\u00e1vek instalac\u00ed vyhrazen\u00fdch tlakov\u00fdch a vyhrazen\u00fdch plynov\u00fdch za\u0159\u00edzen\u00ed. Zpracov\u00e1v\u00e1me kompletn\u00ed projektovou dokumentaci pro stavebn\u00ed \u0159\u00edzen\u00ed (Stavebn\u00ed projekt, elektro, technologie, po\u017e\u00e1rn\u00ed zpr\u00e1vy, atd.). Samoz\u0159ejmost\u00ed je zpracov\u00e1n\u00ed dokumentace v n\u011bm\u010din\u011b, angli\u010dtin\u011b, ru\u0161tin\u011b, i dal\u0161\u00edch.<\/span><\/p>\n<p><a href=\"http:\/\/www.cryoservis.cz\/wp-content\/uploads\/2025\/02\/PD.jpg\"><img loading=\"lazy\" class=\"alignnone wp-image-332 \" src=\"http:\/\/www.cryoservis.cz\/wp-content\/uploads\/2025\/02\/PD-300x175.jpg\" alt=\"\" width=\"382\" height=\"223\" srcset=\"https:\/\/www.cryoservis.cz\/wp-content\/uploads\/2025\/02\/PD-300x175.jpg 300w, https:\/\/www.cryoservis.cz\/wp-content\/uploads\/2025\/02\/PD-768x447.jpg 768w, https:\/\/www.cryoservis.cz\/wp-content\/uploads\/2025\/02\/PD.jpg 1000w\" sizes=\"(max-width: 382px) 100vw, 382px\" \/><\/a><\/p>\n<ul class=\"sez1\">\n<li><span style=\"color: #999999;\">Skladov\u00e1n\u00ed zkapaln\u011bn\u00fdch plyn\u016f, odpa\u0159ov\u00e1n\u00ed a rozvody technick\u00fdch plyn\u016f<\/span><\/li>\n<li><span style=\"color: #999999;\">Aplikace technick\u00fdch plyn\u016f (N<sub>2<\/sub>, H<sub>2<\/sub>, O<sub>2<\/sub>, Ar, He, atd.)<\/span><\/li>\n<li><span style=\"color: #999999;\">Tlakov\u00e9 rozvody vzduchu a vody<\/span><\/li>\n<li><span style=\"color: #999999;\">Technologick\u00e9 rozvody topn\u00fdch plyn\u016f<\/span><\/li>\n<li><span style=\"color: #999999;\">Technologick\u00e9 rozvody metanolu v\u010detn\u011b skladov\u00e1n\u00ed<\/span><\/li>\n<li><span style=\"color: #999999;\">Zamra\u017eov\u00e1n\u00ed potravin pomoc\u00ed zkapaln\u011bn\u00e9ho dus\u00edku<\/span><\/li>\n<li><span style=\"color: #999999;\">Sm\u011b\u0161ovac\u00ed stanice technick\u00fdch plyn\u016f<\/span><\/li>\n<li><span style=\"color: #999999;\">Aplikace pro laserov\u00e9 \u0159ez\u00e1n\u00ed<\/span><\/li>\n<li><span style=\"color: #999999;\">Instalace medicion\u00e1ln\u00edch plyn\u016f<\/span><\/li>\n<\/ul>\n<h3><span style=\"color: #999999;\"><strong>Montujeme po cel\u00e9m \u00fazem\u00ed \u010cesk\u00e9 republiky. Na\u0161e instalace jsou i na Slovensku v Polsku N\u011bmecku a Rakousku<br \/>\n<\/strong><\/span><\/h3>\n","protected":false},"excerpt":{"rendered":"<p>\u00a0Prov\u00e1d\u00edme n\u00e1vrh a realizaci kompletn\u00edch dod\u00e1vek instalac\u00ed vyhrazen\u00fdch tlakov\u00fdch a vyhrazen\u00fdch plynov\u00fdch za\u0159\u00edzen\u00ed. Zpracov\u00e1v\u00e1me kompletn\u00ed projektovou dokumentaci pro stavebn\u00ed \u0159\u00edzen\u00ed&#8230; <\/p>\n","protected":false},"author":1,"featured_media":0,"parent":0,"menu_order":0,"comment_status":"closed","ping_status":"closed","template":"template-full-width.php","meta":[],"_links":{"self":[{"href":"https:\/\/www.cryoservis.cz\/index.php?rest_route=\/wp\/v2\/pages\/100"}],"collection":[{"href":"https:\/\/www.cryoservis.cz\/index.php?rest_route=\/wp\/v2\/pages"}],"about":[{"href":"https:\/\/www.cryoservis.cz\/index.php?rest_route=\/wp\/v2\/types\/page"}],"author":[{"embeddable":true,"href":"https:\/\/www.cryoservis.cz\/index.php?rest_route=\/wp\/v2\/users\/1"}],"replies":[{"embeddable":true,"href":"https:\/\/www.cryoservis.cz\/index.php?rest_route=%2Fwp%2Fv2%2Fcomments&post=100"}],"version-history":[{"count":26,"href":"https:\/\/www.cryoservis.cz\/index.php?rest_route=\/wp\/v2\/pages\/100\/revisions"}],"predecessor-version":[{"id":333,"href":"https:\/\/www.cryoservis.cz\/index.php?rest_route=\/wp\/v2\/pages\/100\/revisions\/333"}],"wp:attachment":[{"href":"https:\/\/www.cryoservis.cz\/index.php?rest_route=%2Fwp%2Fv2%2Fmedia&parent=100"}],"curies":[{"name":"wp","href":"https:\/\/api.w.org\/{rel}","templated":true}]}}