{"id":121,"date":"2015-05-26T07:31:07","date_gmt":"2015-05-26T07:31:07","guid":{"rendered":"http:\/\/cryo.dcfreenet.info\/?page_id=121"},"modified":"2025-02-18T07:55:43","modified_gmt":"2025-02-18T06:55:43","slug":"repase-zasobniku-kapalnych-plynu","status":"publish","type":"page","link":"https:\/\/www.cryoservis.cz\/?page_id=121","title":{"rendered":"Opravy z\u00e1sobn\u00edk\u016f zkapaln\u011bn\u00fdch plyn\u016f"},"content":{"rendered":"<p>Prov\u00e1d\u00edme \u010d\u00e1ste\u010dn\u00e9 a gener\u00e1ln\u00ed opravy stabiln\u00edch i mobiln\u00edch z\u00e1sobn\u00edk\u016f kapaln\u00fdch plyn\u016f v m\u00edst\u011b na\u0161\u00ed firmy, ale i u z\u00e1kazn\u00edka \u2013 v\u00fdm\u011bna ovl\u00e1dac\u00edch armatur; v\u00fdm\u011bna v\u00fdstroje (pomocn\u00fd odpa\u0159ova\u010d); oprava vakuo-pr\u00e1\u0161kov\u00e9 izolace; oprava laku; proveden\u00ed nezbytn\u00fdch zkou\u0161ek, reviz\u00ed a dopln\u011bn\u00ed pr\u016fvodn\u00ed dokumentace.<\/p>\n<p><a href=\"http:\/\/www.cryoservis.cz\/wp-content\/uploads\/2015\/05\/100_1786.jpg\" rel=\"attachment wp-att-297\"><img loading=\"lazy\" class=\"alignnone size-medium wp-image-297\" src=\"http:\/\/www.cryoservis.cz\/wp-content\/uploads\/2015\/05\/100_1786-300x225.jpg\" alt=\"100_1786\" width=\"300\" height=\"225\" srcset=\"https:\/\/www.cryoservis.cz\/wp-content\/uploads\/2015\/05\/100_1786-300x225.jpg 300w, https:\/\/www.cryoservis.cz\/wp-content\/uploads\/2015\/05\/100_1786-768x576.jpg 768w, https:\/\/www.cryoservis.cz\/wp-content\/uploads\/2015\/05\/100_1786.jpg 1000w\" sizes=\"(max-width: 300px) 100vw, 300px\" \/><\/a><a href=\"http:\/\/www.cryoservis.cz\/wp-content\/uploads\/2015\/05\/P6230118.jpg\" rel=\"attachment wp-att-306\"> <img loading=\"lazy\" class=\" wp-image-306\" src=\"http:\/\/www.cryoservis.cz\/wp-content\/uploads\/2015\/05\/P6230118-199x300.jpg\" alt=\"OLYMPUS DIGITAL CAMERA\" width=\"150\" height=\"226\" srcset=\"https:\/\/www.cryoservis.cz\/wp-content\/uploads\/2015\/05\/P6230118-199x300.jpg 199w, https:\/\/www.cryoservis.cz\/wp-content\/uploads\/2015\/05\/P6230118.jpg 664w\" sizes=\"(max-width: 150px) 100vw, 150px\" \/> <\/a><a href=\"http:\/\/www.cryoservis.cz\/wp-content\/uploads\/2015\/05\/Repase.jpg\" rel=\"attachment wp-att-305\"><img loading=\"lazy\" class=\"alignnone  wp-image-305\" src=\"http:\/\/www.cryoservis.cz\/wp-content\/uploads\/2015\/05\/Repase-179x300.jpg\" alt=\"Repase\" width=\"135\" height=\"226\" srcset=\"https:\/\/www.cryoservis.cz\/wp-content\/uploads\/2015\/05\/Repase-179x300.jpg 179w, https:\/\/www.cryoservis.cz\/wp-content\/uploads\/2015\/05\/Repase-768x1284.jpg 768w, https:\/\/www.cryoservis.cz\/wp-content\/uploads\/2015\/05\/Repase-612x1024.jpg 612w, https:\/\/www.cryoservis.cz\/wp-content\/uploads\/2015\/05\/Repase.jpg 1952w\" sizes=\"(max-width: 135px) 100vw, 135px\" \/><\/a><\/p>\n","protected":false},"excerpt":{"rendered":"<p>Prov\u00e1d\u00edme \u010d\u00e1ste\u010dn\u00e9 a gener\u00e1ln\u00ed opravy stabiln\u00edch i mobiln\u00edch z\u00e1sobn\u00edk\u016f kapaln\u00fdch plyn\u016f v m\u00edst\u011b na\u0161\u00ed firmy, ale i u z\u00e1kazn\u00edka \u2013&#8230; <\/p>\n","protected":false},"author":1,"featured_media":0,"parent":0,"menu_order":0,"comment_status":"closed","ping_status":"closed","template":"template-full-width.php","meta":[],"_links":{"self":[{"href":"https:\/\/www.cryoservis.cz\/index.php?rest_route=\/wp\/v2\/pages\/121"}],"collection":[{"href":"https:\/\/www.cryoservis.cz\/index.php?rest_route=\/wp\/v2\/pages"}],"about":[{"href":"https:\/\/www.cryoservis.cz\/index.php?rest_route=\/wp\/v2\/types\/page"}],"author":[{"embeddable":true,"href":"https:\/\/www.cryoservis.cz\/index.php?rest_route=\/wp\/v2\/users\/1"}],"replies":[{"embeddable":true,"href":"https:\/\/www.cryoservis.cz\/index.php?rest_route=%2Fwp%2Fv2%2Fcomments&post=121"}],"version-history":[{"count":6,"href":"https:\/\/www.cryoservis.cz\/index.php?rest_route=\/wp\/v2\/pages\/121\/revisions"}],"predecessor-version":[{"id":337,"href":"https:\/\/www.cryoservis.cz\/index.php?rest_route=\/wp\/v2\/pages\/121\/revisions\/337"}],"wp:attachment":[{"href":"https:\/\/www.cryoservis.cz\/index.php?rest_route=%2Fwp%2Fv2%2Fmedia&parent=121"}],"curies":[{"name":"wp","href":"https:\/\/api.w.org\/{rel}","templated":true}]}}