{"id":124,"date":"2015-11-13T21:52:02","date_gmt":"2015-11-13T20:52:02","guid":{"rendered":"http:\/\/cryo.dcfreenet.info\/?page_id=124"},"modified":"2016-02-29T14:39:22","modified_gmt":"2016-02-29T13:39:22","slug":"servis-a-opravy","status":"publish","type":"page","link":"https:\/\/www.cryoservis.cz\/?page_id=124","title":{"rendered":"SERVIS A OPRAVY"},"content":{"rendered":"<p>Na\u0161im z\u00e1kazn\u00edk\u016fm poskytujeme servis a opravy vyhrazen\u00fdch tlakov\u00fdch a plynov\u00fdch za\u0159\u00edzen\u00ed na t\u00e9 nejvy\u0161\u0161\u00ed mo\u017en\u00e9 \u00farovni kvality. Na\u0161i technici disponuj\u00ed v\u0161emi pot\u0159ebn\u00fdmi opr\u00e1vn\u011bn\u00edmi a zkou\u0161kami a sv\u00fdmi zku\u0161enostmi se ve sv\u00e9m oboru \u0159ad\u00ed ke \u0161pi\u010dce.<\/p>\n<h4>V r\u00e1mci servisu a oprav prov\u00e1d\u00edme tyto \u010dinnosti:<\/h4>\n<ul class=\"sez1\">\n<li>Opravy potrubn\u00edch rozvod\u016f technick\u00fdch plyn\u016f a jejich aplikac\u00ed<\/li>\n<li>Opravy za\u0159\u00edzen\u00ed pro p\u0159epravu plyn\u016f dle ADR<\/li>\n<li>Kontrola a \u010derp\u00e1n\u00ed vakuov\u00fdch izolac\u00ed<\/li>\n<li>Odma\u0161\u0165ov\u00e1n\u00ed pro kysl\u00edkovou \u010distotu<\/li>\n<li>Sva\u0159ov\u00e1n\u00ed ocel\u00ed t\u0159. 17 a slitin hlin\u00edku<\/li>\n<li>Opravy p\u00e1jen\u00fdch spoj\u016f<\/li>\n<li>Opravy a servis MaR<\/li>\n<li>Kriogenn\u00ed zkou\u0161ky uzav\u00edrac\u00edch armatur\n<ul>\n<li><a href=\"http:\/\/www.cryoservis.cz\/wp-content\/uploads\/2015\/11\/Fiaty.jpg\" rel=\"attachment wp-att-300\"><img loading=\"lazy\" class=\"alignnone  wp-image-300\" src=\"http:\/\/www.cryoservis.cz\/wp-content\/uploads\/2015\/11\/Fiaty-300x122.jpg\" alt=\"Fiaty\" width=\"634\" height=\"258\" srcset=\"https:\/\/www.cryoservis.cz\/wp-content\/uploads\/2015\/11\/Fiaty-300x122.jpg 300w, https:\/\/www.cryoservis.cz\/wp-content\/uploads\/2015\/11\/Fiaty-768x313.jpg 768w, https:\/\/www.cryoservis.cz\/wp-content\/uploads\/2015\/11\/Fiaty-1024x417.jpg 1024w\" sizes=\"(max-width: 634px) 100vw, 634px\" \/><\/a><\/li>\n<\/ul>\n<\/li>\n<\/ul>\n","protected":false},"excerpt":{"rendered":"<p>Na\u0161im z\u00e1kazn\u00edk\u016fm poskytujeme servis a opravy vyhrazen\u00fdch tlakov\u00fdch a plynov\u00fdch za\u0159\u00edzen\u00ed na t\u00e9 nejvy\u0161\u0161\u00ed mo\u017en\u00e9 \u00farovni kvality. Na\u0161i technici disponuj\u00ed&#8230; <\/p>\n","protected":false},"author":1,"featured_media":0,"parent":0,"menu_order":0,"comment_status":"closed","ping_status":"open","template":"template-full-width.php","meta":[],"_links":{"self":[{"href":"https:\/\/www.cryoservis.cz\/index.php?rest_route=\/wp\/v2\/pages\/124"}],"collection":[{"href":"https:\/\/www.cryoservis.cz\/index.php?rest_route=\/wp\/v2\/pages"}],"about":[{"href":"https:\/\/www.cryoservis.cz\/index.php?rest_route=\/wp\/v2\/types\/page"}],"author":[{"embeddable":true,"href":"https:\/\/www.cryoservis.cz\/index.php?rest_route=\/wp\/v2\/users\/1"}],"replies":[{"embeddable":true,"href":"https:\/\/www.cryoservis.cz\/index.php?rest_route=%2Fwp%2Fv2%2Fcomments&post=124"}],"version-history":[{"count":6,"href":"https:\/\/www.cryoservis.cz\/index.php?rest_route=\/wp\/v2\/pages\/124\/revisions"}],"predecessor-version":[{"id":301,"href":"https:\/\/www.cryoservis.cz\/index.php?rest_route=\/wp\/v2\/pages\/124\/revisions\/301"}],"wp:attachment":[{"href":"https:\/\/www.cryoservis.cz\/index.php?rest_route=%2Fwp%2Fv2%2Fmedia&parent=124"}],"curies":[{"name":"wp","href":"https:\/\/api.w.org\/{rel}","templated":true}]}}