{"id":15,"date":"2015-05-20T13:13:09","date_gmt":"2015-05-20T13:13:09","guid":{"rendered":"http:\/\/cryo.dcfreenet.info\/?page_id=15"},"modified":"2025-02-18T07:11:48","modified_gmt":"2025-02-18T06:11:48","slug":"kontakty","status":"publish","type":"page","link":"https:\/\/www.cryoservis.cz\/?page_id=15","title":{"rendered":"Kontakty"},"content":{"rendered":"<div style=\"float: left; width: 330px;\">\n<h3>S\u00eddlo spole\u010dnosti<\/h3>\n<p>Cryoservis, s.r.o.<\/p>\n<p>Vojanova 42, D\u011b\u010d\u00edn 8, 405 02<\/p>\n<h3>\u00a0<\/h3>\n<p>telefon: (420) 412 528 812<br \/>e-mail: <a title=\"Cryoservis, technick\u00e9 plyny, rozvody, z\u00e1sobn\u00edky, cisterny, tlakov\u00e9 svazky, potrub\u00ed\" href=\"mailto:info@cryoservis.cz\">info@cryoservis.cz<\/a><\/p>\n<p>I\u010cO 482 69 964\u00a0\u00a0\u00a0\u00a0\u00a0 DI\u010c CZ48269964<\/p>\n<p>GPS: 50\u00b046&#8217;44.47&#8243;N, 14\u00b010&#8217;48.31&#8243;E<\/p>\n<\/div>\n<div>\n<table style=\"width: 716px; height: 122px;\">\n<tbody>\n<tr>\n<td>Radim P\u0159ibil<\/td>\n<td>jednatel spole\u010dnosti<\/td>\n<td>+420 602 430 314<\/td>\n<td><a href=\"mailto:radim.pribil@cryoservis.cz\">radim.pribil@cryoservis.cz<\/a><\/td>\n<\/tr>\n<tr>\n<td>ing. Petr Kroll<\/td>\n<td>projektant<\/td>\n<td>+420 602 282 048<\/td>\n<td><a href=\"mailto:petr.kroll@cryoservis.cz\">petr.kroll@cryoservis.cz<\/a><\/td>\n<\/tr>\n<tr>\n<td>Michal Kop\u00e1\u010dek<\/td>\n<td>v\u00fdroba a servis<\/td>\n<td>+420 724 111 132<\/td>\n<td><a href=\"mailto:michal.kopacek@cryoservis.cz\">michal.kopacek@cryoservis.cz<\/a><\/td>\n<\/tr>\n<tr>\n<td>Pavel Kocour<\/td>\n<td>revizn\u00ed technik<\/td>\n<td>+420 602 372 748<\/td>\n<td><a href=\"mailto:pavel.kocour@cryoservis.cz\">pavel.kocour@cryoservis.cz<\/a><\/td>\n<\/tr>\n<tr>\n<td>\u00a0<\/td>\n<td>\u00a0<\/td>\n<td>\u00a0<\/td>\n<td>\u00a0<\/td>\n<\/tr>\n<\/tbody>\n<\/table>\n<\/div>\n\n\n<p><\/p>\n","protected":false},"excerpt":{"rendered":"<p>S\u00eddlo spole\u010dnosti Cryoservis, s.r.o. Vojanova 42, D\u011b\u010d\u00edn 8, 405 02 \u00a0 telefon: (420) 412 528 812e-mail: info@cryoservis.cz I\u010cO 482 69&#8230; <\/p>\n","protected":false},"author":1,"featured_media":0,"parent":0,"menu_order":0,"comment_status":"closed","ping_status":"closed","template":"template-full-width.php","meta":[],"_links":{"self":[{"href":"https:\/\/www.cryoservis.cz\/index.php?rest_route=\/wp\/v2\/pages\/15"}],"collection":[{"href":"https:\/\/www.cryoservis.cz\/index.php?rest_route=\/wp\/v2\/pages"}],"about":[{"href":"https:\/\/www.cryoservis.cz\/index.php?rest_route=\/wp\/v2\/types\/page"}],"author":[{"embeddable":true,"href":"https:\/\/www.cryoservis.cz\/index.php?rest_route=\/wp\/v2\/users\/1"}],"replies":[{"embeddable":true,"href":"https:\/\/www.cryoservis.cz\/index.php?rest_route=%2Fwp%2Fv2%2Fcomments&post=15"}],"version-history":[{"count":35,"href":"https:\/\/www.cryoservis.cz\/index.php?rest_route=\/wp\/v2\/pages\/15\/revisions"}],"predecessor-version":[{"id":328,"href":"https:\/\/www.cryoservis.cz\/index.php?rest_route=\/wp\/v2\/pages\/15\/revisions\/328"}],"wp:attachment":[{"href":"https:\/\/www.cryoservis.cz\/index.php?rest_route=%2Fwp%2Fv2%2Fmedia&parent=15"}],"curies":[{"name":"wp","href":"https:\/\/api.w.org\/{rel}","templated":true}]}}