{"id":160,"date":"2015-06-04T10:34:25","date_gmt":"2015-06-04T08:34:25","guid":{"rendered":"http:\/\/cryo.dcfreenet.info\/?page_id=160"},"modified":"2016-02-29T11:15:54","modified_gmt":"2016-02-29T10:15:54","slug":"ke-stazeni","status":"publish","type":"page","link":"https:\/\/www.cryoservis.cz\/?page_id=160","title":{"rendered":"Ke sta\u017een\u00ed"},"content":{"rendered":"<p>Zde naleznete ke sta\u017een\u00ed na\u0161e certifik\u00e1ty, manu\u00e1ly apod.<\/p>\n<p><a href=\"http:\/\/www.cryoservis.cz\/wp-content\/uploads\/2015\/06\/1026_5_15_TZ-VRM-NANB.pdf\" rel=\"\">Opr\u00e1vn\u011bn\u00ed pro v\u00fdrobu, mont\u00e1\u017ee, opravy a revize vyhrazen\u00fdch tlakov\u00fdch za\u0159\u00edzen\u00ed 1026_5_15_TZ-V,R,M-NA,NB<\/a><\/p>\n<p><a href=\"http:\/\/www.cryoservis.cz\/wp-content\/uploads\/2015\/07\/3281_5_06_PZ_M_II-III-IV-VI.pdf\" rel=\"\">Opr\u00e1vn\u011bn\u00ed k mont\u00e1\u017e\u00edm a oprav\u00e1m\u00a0 vyhrazen\u00fdch plynov\u00fdch za\u0159\u00edzen\u00ed 3281_5_06_PZ_M_II, III, IV, VI<\/a><\/p>\n<p><a href=\"http:\/\/www.cryoservis.cz\/wp-content\/uploads\/2015\/07\/2692_5_02_PZ_R_III-III-IV-V-VI-VII.pdf\" rel=\"\">Opr\u00e1vn\u011bn\u00ed k reviz\u00edm a zkou\u0161k\u00e1m vyhrazen\u00fdch plynov\u00fdch za\u0159\u00edzen\u00ed 2692_5_02_PZ_R_I,II, III, IV, V, VI, VII<\/a><\/p>\n<p><a href=\"http:\/\/www.cryoservis.cz\/wp-content\/uploads\/2015\/07\/TDT-Cert.pdf\" rel=\"\">TDT Cert<\/a><\/p>\n","protected":false},"excerpt":{"rendered":"<p>Zde naleznete ke sta\u017een\u00ed na\u0161e certifik\u00e1ty, manu\u00e1ly apod. Opr\u00e1vn\u011bn\u00ed pro v\u00fdrobu, mont\u00e1\u017ee, opravy a revize vyhrazen\u00fdch tlakov\u00fdch za\u0159\u00edzen\u00ed 1026_5_15_TZ-V,R,M-NA,NB Opr\u00e1vn\u011bn\u00ed&#8230; <\/p>\n","protected":false},"author":1,"featured_media":0,"parent":0,"menu_order":0,"comment_status":"closed","ping_status":"closed","template":"template-full-width.php","meta":[],"_links":{"self":[{"href":"https:\/\/www.cryoservis.cz\/index.php?rest_route=\/wp\/v2\/pages\/160"}],"collection":[{"href":"https:\/\/www.cryoservis.cz\/index.php?rest_route=\/wp\/v2\/pages"}],"about":[{"href":"https:\/\/www.cryoservis.cz\/index.php?rest_route=\/wp\/v2\/types\/page"}],"author":[{"embeddable":true,"href":"https:\/\/www.cryoservis.cz\/index.php?rest_route=\/wp\/v2\/users\/1"}],"replies":[{"embeddable":true,"href":"https:\/\/www.cryoservis.cz\/index.php?rest_route=%2Fwp%2Fv2%2Fcomments&post=160"}],"version-history":[{"count":14,"href":"https:\/\/www.cryoservis.cz\/index.php?rest_route=\/wp\/v2\/pages\/160\/revisions"}],"predecessor-version":[{"id":330,"href":"https:\/\/www.cryoservis.cz\/index.php?rest_route=\/wp\/v2\/pages\/160\/revisions\/330"}],"wp:attachment":[{"href":"https:\/\/www.cryoservis.cz\/index.php?rest_route=%2Fwp%2Fv2%2Fmedia&parent=160"}],"curies":[{"name":"wp","href":"https:\/\/api.w.org\/{rel}","templated":true}]}}