{"id":54,"date":"2015-05-21T06:23:30","date_gmt":"2015-05-21T04:23:30","guid":{"rendered":"http:\/\/cryo.dcfreenet.info\/?page_id=54"},"modified":"2016-01-11T08:57:03","modified_gmt":"2016-01-11T07:57:03","slug":"test","status":"publish","type":"page","link":"https:\/\/www.cryoservis.cz\/?page_id=54","title":{"rendered":"\u0160kolen\u00ed"},"content":{"rendered":"<p style=\"text-align: left;\"><a href=\"http:\/\/www.cryoservis.cz\/wp-content\/uploads\/2015\/05\/11174700_396858800498449_6586991201492805099_o.jpg\"><img loading=\"lazy\" class=\" size-medium wp-image-56 alignleft\" src=\"http:\/\/www.cryoservis.cz\/wp-content\/uploads\/2015\/05\/11174700_396858800498449_6586991201492805099_o-300x199.jpg\" alt=\"11174700_396858800498449_6586991201492805099_o\" width=\"300\" height=\"199\" srcset=\"https:\/\/www.cryoservis.cz\/wp-content\/uploads\/2015\/05\/11174700_396858800498449_6586991201492805099_o-300x199.jpg 300w, https:\/\/www.cryoservis.cz\/wp-content\/uploads\/2015\/05\/11174700_396858800498449_6586991201492805099_o-1024x680.jpg 1024w, https:\/\/www.cryoservis.cz\/wp-content\/uploads\/2015\/05\/11174700_396858800498449_6586991201492805099_o.jpg 2048w\" sizes=\"(max-width: 300px) 100vw, 300px\" \/><\/a>\u00a0 V r\u00e1mci dodavatelsko-odb\u011bratelsk\u00e9 \u010dinnosti prov\u00e1d\u00edme \u0161kolen\u00ed obsluhy vyhrazen\u00fdch plynov\u00e1ch a vyhrazen\u00fdch tlakov\u00fdch za\u0159\u00edzen\u00ed. Tuto \u010dinnost vykon\u00e1vaj\u00ed na\u0161i revizn\u00ed technici s dlouholet\u00fdmi zku\u0161enostmi v oboru.<\/p>\n<p style=\"text-align: left;\"><!--more--><\/p>\n","protected":false},"excerpt":{"rendered":"<p>\u00a0 V r\u00e1mci dodavatelsko-odb\u011bratelsk\u00e9 \u010dinnosti prov\u00e1d\u00edme \u0161kolen\u00ed obsluhy vyhrazen\u00fdch plynov\u00e1ch a vyhrazen\u00fdch tlakov\u00fdch za\u0159\u00edzen\u00ed. Tuto \u010dinnost vykon\u00e1vaj\u00ed na\u0161i revizn\u00ed technici&#8230; <\/p>\n","protected":false},"author":1,"featured_media":0,"parent":0,"menu_order":0,"comment_status":"closed","ping_status":"closed","template":"template-full-width.php","meta":[],"_links":{"self":[{"href":"https:\/\/www.cryoservis.cz\/index.php?rest_route=\/wp\/v2\/pages\/54"}],"collection":[{"href":"https:\/\/www.cryoservis.cz\/index.php?rest_route=\/wp\/v2\/pages"}],"about":[{"href":"https:\/\/www.cryoservis.cz\/index.php?rest_route=\/wp\/v2\/types\/page"}],"author":[{"embeddable":true,"href":"https:\/\/www.cryoservis.cz\/index.php?rest_route=\/wp\/v2\/users\/1"}],"replies":[{"embeddable":true,"href":"https:\/\/www.cryoservis.cz\/index.php?rest_route=%2Fwp%2Fv2%2Fcomments&post=54"}],"version-history":[{"count":11,"href":"https:\/\/www.cryoservis.cz\/index.php?rest_route=\/wp\/v2\/pages\/54\/revisions"}],"predecessor-version":[{"id":289,"href":"https:\/\/www.cryoservis.cz\/index.php?rest_route=\/wp\/v2\/pages\/54\/revisions\/289"}],"wp:attachment":[{"href":"https:\/\/www.cryoservis.cz\/index.php?rest_route=%2Fwp%2Fv2%2Fmedia&parent=54"}],"curies":[{"name":"wp","href":"https:\/\/api.w.org\/{rel}","templated":true}]}}